{"id":98,"date":"2022-06-28T18:27:46","date_gmt":"2022-06-28T18:27:46","guid":{"rendered":"https:\/\/aprosap.com\/?page_id=98"},"modified":"2022-06-30T17:57:13","modified_gmt":"2022-06-30T17:57:13","slug":"productos","status":"publish","type":"page","link":"https:\/\/aprosap.com\/?page_id=98","title":{"rendered":"Productos"},"content":{"rendered":"\n<div class=\"wp-container-3 wp-block-columns\">\n<div class=\"wp-container-1 wp-block-column\" style=\"flex-basis:66.66%\">\n<p class=\"has-text-color has-medium-font-size\" style=\"color:#5fbf33\"><strong><em>HYDROSAP &#8211; ABONO HIDRORETENEDOR<\/em><\/strong>:<\/p>\n\n\n\n<p><strong>Color:<\/strong> Blanco.<br><strong>Tama\u00f1o:<\/strong> granulado blanco soluble que aumenta su tama\u00f1o<br><strong>Unidad de Venta:<\/strong> Kilo<br><strong>Presentaci\u00f3n:<\/strong> Bolsa de 1 kl con foil de aluminio y saco laminado por 25 kls.<\/p>\n\n\n\n<p class=\"has-medium-font-size\"><strong>Descripci\u00f3n: <\/strong><\/p>\n\n\n\n<p>El <strong>Abono hidro retenedor<\/strong> es un pol\u00edmero formado por mon\u00f3meros (CH<sub>2<\/sub>CH(CO<sub>2<\/sub>Na).&nbsp; Tambi\u00e9n se lo conoce como Poliacrilato de sodio, S\u00faper Absorbente o SAP (s\u00faperabsorbentpolymer). Se observa como un polvo blanco y sin olor.<\/p>\n\n\n\n<p>Debido a que este compuesto posee alta masa molecular, en vez de disolverse, se gelifica, puede aumentar su peso hasta 300 veces, ejemplo: 1 kl de Hydrosap tiene la capacidad de almacenar 300 litros de agua. &nbsp;Este al contacto con el agua se hincha formando una estructura tipo gel cristalino que act\u00faa como reserva h\u00eddrica para las plantas, permitiendo la liberaci\u00f3n del agua cuando la planta lo requiera.<\/p>\n\n\n\n<p class=\"has-medium-font-size\"><strong>Ventajas:<\/strong> <\/p>\n\n\n\n<ul><li>Ahorra hasta un 80% de agua<\/li><li>Retiene el agua y sus nutrientes<\/li><li>Mantiene la estructura y filtraci\u00f3n del suelo<\/li><li>Mejora la calidad de los cultivos<\/li><li>Reduce gastos en mano de obra y frecuencia de riego<\/li><li>Disminuye el lixiviado de nutrientes<\/li><\/ul>\n\n\n\n<p class=\"has-medium-font-size\"><strong>Recomendaci\u00f3n:<\/strong><\/p>\n\n\n\n<p>Este producto se hincha r\u00e1pidamente al contacto con el agua, por este motivo debe quedar completamente sellado para evitar su desperdicio.<\/p>\n<\/div>\n\n\n\n<div class=\"wp-container-2 wp-block-column\" style=\"flex-basis:33.33%\">\n<figure class=\"wp-block-image size-large\"><img loading=\"lazy\" width=\"768\" height=\"1024\" src=\"https:\/\/aprosap.com\/wp-content\/uploads\/2022\/06\/Hydrosap-768x1024.jpeg\" alt=\"\" class=\"wp-image-208\" srcset=\"https:\/\/aprosap.com\/wp-content\/uploads\/2022\/06\/Hydrosap-768x1024.jpeg 768w, https:\/\/aprosap.com\/wp-content\/uploads\/2022\/06\/Hydrosap-225x300.jpeg 225w, https:\/\/aprosap.com\/wp-content\/uploads\/2022\/06\/Hydrosap-1152x1536.jpeg 1152w, https:\/\/aprosap.com\/wp-content\/uploads\/2022\/06\/Hydrosap.jpeg 1200w\" sizes=\"(max-width: 768px) 100vw, 768px\" \/><\/figure>\n\n\n\n<p class=\"has-medium-font-size\"><strong>Caracter\u00edsticas: <\/strong><\/p>\n\n\n\n<p>\u2022 Aumenta la capacidad de retenci\u00f3n de agua y nutrientes<\/p>\n\n\n\n<p>\u2022 Permite almacenar los nutrientes en al agua, con el fin de liberar posteriormente en caso de una sequia.<\/p>\n\n\n\n<p>\u2022 Hydrosap es una reserva de agua disponible para cuando la planta lo requiera.<\/p>\n\n\n\n<p class=\"has-medium-font-size\"><strong>Aplicaciones: <\/strong><\/p>\n\n\n\n<ul><li>Jardiner\u00eda<\/li><li>Agricultura<\/li><li>Floricultura<\/li><li>Reforestaci\u00f3n<\/li><li>Zonas verdes<\/li><li>Pastos<\/li><\/ul>\n<\/div>\n<\/div>\n\n\n\n<hr class=\"wp-block-separator has-alpha-channel-opacity is-style-wide\"\/>\n\n\n\n<div class=\"wp-container-6 wp-block-columns\">\n<div class=\"wp-container-4 wp-block-column\" style=\"flex-basis:33.33%\"><div class=\"wp-block-image\">\n<figure class=\"aligncenter size-large\"><img loading=\"lazy\" width=\"768\" height=\"1024\" src=\"https:\/\/aprosap.com\/wp-content\/uploads\/2022\/06\/Hydrosap2-768x1024.jpeg\" alt=\"\" class=\"wp-image-210\" srcset=\"https:\/\/aprosap.com\/wp-content\/uploads\/2022\/06\/Hydrosap2-768x1024.jpeg 768w, https:\/\/aprosap.com\/wp-content\/uploads\/2022\/06\/Hydrosap2-225x300.jpeg 225w, https:\/\/aprosap.com\/wp-content\/uploads\/2022\/06\/Hydrosap2-1152x1536.jpeg 1152w, https:\/\/aprosap.com\/wp-content\/uploads\/2022\/06\/Hydrosap2.jpeg 1200w\" sizes=\"(max-width: 768px) 100vw, 768px\" \/><\/figure><\/div>\n\n\n<p class=\"has-medium-font-size\"><strong>Caracter\u00edsticas: <\/strong><\/p>\n\n\n\n<ul><li>Alta capacidad de absorci\u00f3n<\/li><li>No es inflamable<\/li><\/ul>\n\n\n\n<p class=\"has-medium-font-size\"><strong>Ventajas:<\/strong><\/p>\n\n\n\n<ul><li>Transforma liquido en solido<\/li><li>Acci\u00f3n r\u00e1pida, gracias a su gran retenci\u00f3n<\/li><li>Absorci\u00f3n m\u00e1xima, ya que almacena hasta 300 veces su peso<\/li><\/ul>\n\n\n\n<p class=\"has-medium-font-size\"><strong>Aplicaciones:<\/strong><\/p>\n\n\n\n<p>Se&nbsp;<strong>emplea en numerosos lugares<\/strong>, empresas y \u00e1reas de trabajo como:<\/p>\n\n\n\n<ul><li>Talleres de mec\u00e1nica de veh\u00edculos, aeronaves, maquinaria agr\u00edcola.<\/li><li>Fabricas Industriales<\/li><li>Laboratorios<\/li><li>Cocinas Industriales<\/li><li>Transporte de Residuos<\/li><li>Granjas<\/li><\/ul>\n<\/div>\n\n\n\n<div class=\"wp-container-5 wp-block-column\" style=\"flex-basis:66.66%\">\n<p class=\"has-text-align-right has-text-color has-medium-font-size\" style=\"color:#5fbf33\"><strong><em>HYDROSAP -ABSORVENTE INDUSTRIAL<\/em><\/strong>:<\/p>\n\n\n\n<p><strong>Color:<\/strong> Blanco.<br><strong>Tama\u00f1o:<\/strong> granulado blanco soluble que aumenta su tama\u00f1o<br><strong>Unidad de Venta:<\/strong> Kilo<br><strong>Presentaci\u00f3n:<\/strong> Bolsa de 1 kl con foil de aluminio y saco laminado por 25 kls.<\/p>\n\n\n\n<p class=\"has-medium-font-size\"><strong>Descripci\u00f3n: <\/strong><\/p>\n\n\n\n<p>El <strong>Absorbente Industrial es<\/strong> un pol\u00edmero formado por mon\u00f3meros(CH<sub>2<\/sub>CH(CO<sub>2<\/sub>Na).&nbsp; Tambi\u00e9n se lo conoce como Poliacrilato de sodio, S\u00faper Absorbente o SAP (s\u00faperabsorbentpolymer). Se observa como un polvo blanco y sin olor.<\/p>\n\n\n\n<p><strong>Hydrosap p<\/strong>ermite un importante ahorro de tiempo y dinero, creando un ambiente de trabajo limpio y seguro, a la vez que contribuye a que la empresa cumpla con las normativas medioambientales vigentes, retiene hasta 300 veces su propio peso, lo cual representa un ahorro considerable en almacenaje y tratamiento posterior, en comparaci\u00f3n con los absorbentes&nbsp;tradicionales, debido a sus cualidades es utilizado en procesos qu\u00edmicos que requieran la absorci\u00f3n de l\u00edquidos como escapes o derrames en maquinaria, veh\u00edculos de transporte, estaciones de servicio, laboratorios, etc.<\/p>\n\n\n\n<p class=\"has-medium-font-size\"><strong>Modo de Empleo:<\/strong><\/p>\n\n\n\n<ul><li>El procedimiento de contenci\u00f3n y recogida debe hacerse distribuyendo el absorbente industrial sobre el \u00e1rea cubierta por el derrame, desde la periferia hacia el centro, prestar atenci\u00f3n a los bajos de los armarios y zonas situadas detr\u00e1s de aparatos e instalaciones.<\/li><li>Recoger el producto resultante, guardarlo en un recipiente adecuado puede ser en polietileno, si hay vidrios rotos recogerlos con pinzas o guantes adecuados y guardarlo en un recipiente adecuado.<\/li><li>Etiquetar los residuos para su retirada. Si contienen productos peligrosos, enviarlos al almac\u00e9n de residuos.<\/li><li>Si es preciso, limpiar la superficie afectada con agua y detergente.<\/li><\/ul>\n<\/div>\n<\/div>\n\n\n\n<hr class=\"wp-block-separator has-alpha-channel-opacity is-style-wide\"\/>\n\n\n\n<div class=\"wp-container-9 wp-block-columns\">\n<div class=\"wp-container-7 wp-block-column\" style=\"flex-basis:66.66%\">\n<p class=\"has-text-color has-medium-font-size\" style=\"color:#5fbf33\"><strong><em>CELULOSA RECUPERADA<\/em><\/strong>:<\/p>\n\n\n\n<p><strong>Color:<\/strong> Blanco.<br><strong>Tama\u00f1o:<\/strong> Granulado blanco soluble                                           <strong>Unidad de Venta:<\/strong> Kilo<br><strong>Presentaci\u00f3n:<\/strong> Bultos por 25 kg.<\/p>\n\n\n\n<p class=\"has-medium-font-size\"><strong>Descripci\u00f3n:<\/strong><\/p>\n\n\n\n<p>La celulosa es pulpa de madera y se constituye como materia prima para la fabricaci\u00f3n de papel.<\/p>\n<\/div>\n\n\n\n<div class=\"wp-container-8 wp-block-column\" style=\"flex-basis:33.33%\"><div class=\"wp-block-image\">\n<figure class=\"aligncenter size-full is-resized\"><img loading=\"lazy\" src=\"https:\/\/aprosap.com\/wp-content\/uploads\/2022\/06\/Producto-2.png\" alt=\"\" class=\"wp-image-203\" width=\"300\" height=\"292\"\/><\/figure><\/div><\/div>\n<\/div>\n\n\n\n<hr class=\"wp-block-separator has-alpha-channel-opacity is-style-wide\"\/>\n\n\n\n<div class=\"wp-container-12 wp-block-columns\">\n<div class=\"wp-container-10 wp-block-column\" style=\"flex-basis:33.33%\">\n<figure class=\"wp-block-image size-full is-resized\"><img loading=\"lazy\" src=\"https:\/\/aprosap.com\/wp-content\/uploads\/2022\/06\/Producto-3.png\" alt=\"\" class=\"wp-image-205\" width=\"300\" height=\"292\"\/><\/figure>\n<\/div>\n\n\n\n<div class=\"wp-container-11 wp-block-column\" style=\"flex-basis:66.66%\">\n<p class=\"has-text-align-right has-text-color has-medium-font-size\" style=\"color:#5fbf33\"><strong><em>PLASTICO:<\/em><\/strong><\/p>\n\n\n\n<p><strong>Color:<\/strong> Multicolor.<br><strong>Tama\u00f1o:<\/strong> Fragmentos entre 5cm y 30cm de \u00e1rea.                                                                                        <strong>Unidad de Venta:<\/strong> Kilo<br><strong>Presentaci\u00f3n:<\/strong> Pacas por 70kls<\/p>\n\n\n\n<p class=\"has-medium-font-size\"><strong>Descripci\u00f3n:<\/strong><\/p>\n\n\n\n<p>El pl\u00e1stico que se recupera est\u00e1 compuesto principalmente de polietileno y polipropileno, a partir de este se fabrican otros productos como madera pl\u00e1stica.<\/p>\n<\/div>\n<\/div>\n","protected":false},"excerpt":{"rendered":"<p>HYDROSAP &#8211; ABONO HIDRORETENEDOR: Color: Blanco.Tama\u00f1o: granulado blanco soluble que aumenta su tama\u00f1oUnidad de Venta: KiloPresentaci\u00f3n: Bolsa de 1 kl con foil de aluminio y saco laminado por 25 kls. Descripci\u00f3n: El Abono hidro retenedor es un pol\u00edmero formado por mon\u00f3meros (CH2CH(CO2Na).&nbsp; Tambi\u00e9n se lo conoce como Poliacrilato de sodio, S\u00faper Absorbente o SAP (s\u00faperabsorbentpolymer). [&hellip;]<\/p>\n","protected":false},"author":1,"featured_media":0,"parent":0,"menu_order":0,"comment_status":"closed","ping_status":"closed","template":"","meta":[],"_links":{"self":[{"href":"https:\/\/aprosap.com\/index.php?rest_route=\/wp\/v2\/pages\/98"}],"collection":[{"href":"https:\/\/aprosap.com\/index.php?rest_route=\/wp\/v2\/pages"}],"about":[{"href":"https:\/\/aprosap.com\/index.php?rest_route=\/wp\/v2\/types\/page"}],"author":[{"embeddable":true,"href":"https:\/\/aprosap.com\/index.php?rest_route=\/wp\/v2\/users\/1"}],"replies":[{"embeddable":true,"href":"https:\/\/aprosap.com\/index.php?rest_route=%2Fwp%2Fv2%2Fcomments&post=98"}],"version-history":[{"count":17,"href":"https:\/\/aprosap.com\/index.php?rest_route=\/wp\/v2\/pages\/98\/revisions"}],"predecessor-version":[{"id":211,"href":"https:\/\/aprosap.com\/index.php?rest_route=\/wp\/v2\/pages\/98\/revisions\/211"}],"wp:attachment":[{"href":"https:\/\/aprosap.com\/index.php?rest_route=%2Fwp%2Fv2%2Fmedia&parent=98"}],"curies":[{"name":"wp","href":"https:\/\/api.w.org\/{rel}","templated":true}]}}