{"id":94,"date":"2022-06-28T18:27:46","date_gmt":"2022-06-28T18:27:46","guid":{"rendered":"https:\/\/aprosap.com\/?page_id=94"},"modified":"2022-06-28T21:01:34","modified_gmt":"2022-06-28T21:01:34","slug":"quienes-somos","status":"publish","type":"page","link":"https:\/\/aprosap.com\/?page_id=94","title":{"rendered":"\u00bfQui\u00e9nes Somos?"},"content":{"rendered":"\n<div class=\"wp-block-media-text alignwide is-stacked-on-mobile\"><figure class=\"wp-block-media-text__media\"><img loading=\"lazy\" width=\"1024\" height=\"1024\" src=\"https:\/\/aprosap.com\/wp-content\/uploads\/2022\/06\/Barnner-1024x1024.jpeg\" alt=\"\" class=\"wp-image-124 size-full\" srcset=\"https:\/\/aprosap.com\/wp-content\/uploads\/2022\/06\/Barnner-1024x1024.jpeg 1024w, https:\/\/aprosap.com\/wp-content\/uploads\/2022\/06\/Barnner-300x300.jpeg 300w, https:\/\/aprosap.com\/wp-content\/uploads\/2022\/06\/Barnner-150x150.jpeg 150w, https:\/\/aprosap.com\/wp-content\/uploads\/2022\/06\/Barnner-768x768.jpeg 768w, https:\/\/aprosap.com\/wp-content\/uploads\/2022\/06\/Barnner.jpeg 1280w\" sizes=\"(max-width: 1024px) 100vw, 1024px\" \/><\/figure><div class=\"wp-block-media-text__content\">\n<p class=\"has-large-font-size\"><strong><em>Historia:<\/em><\/strong><\/p>\n\n\n\n<p class=\"has-medium-font-size\"><em>APROSAP es una empresa colombiana fundada el 02 de abril de 1999, nace de una necesidad del sector industrial Pa\u00f1alera, y se enfoca en lograr un adecuado aprovechamiento de sus excedentes contribuyendo con el cuidado del medio ambiente, tras investigaciones a\u00f1o tras a\u00f1o hemos logrado encontrar la mejor manera de reutilizarlos y transformarlos en sub-productos para un mejoramiento continuo.<\/em><\/p>\n\n\n\n<p class=\"has-medium-font-size\"><em>De all\u00ed nace nuestro objeto social enfocado en la optimizaci\u00f3n de recursos a trav\u00e9s de la comercializaci\u00f3n de productos agr\u00edcolas como los hidro retenedores y productos para el manejo y control de derrames.<\/em><\/p>\n\n\n\n<p class=\"has-medium-font-size\"><em>Iniciamos labores en la ciudad de Santiago de Cali departamento del valle del cauca, y actualmente estamos ubicados en el Corregimiento del Carmelo sector Cantalamota de candelaria Valle.<\/em><\/p>\n<\/div><\/div>\n\n\n\n<hr class=\"wp-block-separator has-alpha-channel-opacity is-style-wide\"\/>\n\n\n\n<div class=\"wp-block-media-text alignwide has-media-on-the-right is-stacked-on-mobile\"><figure class=\"wp-block-media-text__media\"><img loading=\"lazy\" width=\"1024\" height=\"575\" src=\"https:\/\/aprosap.com\/wp-content\/uploads\/2022\/06\/3-1.jpg\" alt=\"\" class=\"wp-image-130 size-full\" srcset=\"https:\/\/aprosap.com\/wp-content\/uploads\/2022\/06\/3-1.jpg 1024w, https:\/\/aprosap.com\/wp-content\/uploads\/2022\/06\/3-1-300x168.jpg 300w, https:\/\/aprosap.com\/wp-content\/uploads\/2022\/06\/3-1-768x431.jpg 768w\" sizes=\"(max-width: 1024px) 100vw, 1024px\" \/><\/figure><div class=\"wp-block-media-text__content\">\n<p class=\"has-large-font-size\"><em><strong>\u00bfQui\u00e9nes Somos?<\/strong> <\/em><\/p>\n\n\n\n<p class=\"has-medium-font-size\"><em>Somos una empresa dedicada a la recuperaci\u00f3n de excedentes industriales proporcionando un servicio de excelencia para la adecuada gesti\u00f3n de sus residuos, garantizando un aprovechamiento de estos excedentes como sub productos y con ello contribuir responsablemente al cuidado del medio ambiente.<\/em><\/p>\n<\/div><\/div>\n\n\n\n<hr class=\"wp-block-separator has-alpha-channel-opacity is-style-wide\"\/>\n\n\n\n<div class=\"wp-block-media-text alignwide is-stacked-on-mobile\" style=\"grid-template-columns:39% auto\"><figure class=\"wp-block-media-text__media\"><img loading=\"lazy\" width=\"283\" height=\"283\" src=\"https:\/\/aprosap.com\/wp-content\/uploads\/2022\/06\/Mision.png\" alt=\"\" class=\"wp-image-135 size-full\" srcset=\"https:\/\/aprosap.com\/wp-content\/uploads\/2022\/06\/Mision.png 283w, https:\/\/aprosap.com\/wp-content\/uploads\/2022\/06\/Mision-150x150.png 150w\" sizes=\"(max-width: 283px) 100vw, 283px\" \/><\/figure><div class=\"wp-block-media-text__content\">\n<p class=\"has-large-font-size\"><strong><em>Misi\u00f3n: <\/em><\/strong><\/p>\n\n\n\n<p class=\"has-medium-font-size\"><em>Ser una compa\u00f1\u00eda l\u00edder reconocida por un excelente manejo en la recuperaci\u00f3n de excedentes industriales, garantizando la satisfacci\u00f3n del cliente mediante soluciones integrales que contribuyen de manera sostenible, ambiental y econ\u00f3mica al desarrollo del pa\u00eds.<\/em><\/p>\n<\/div><\/div>\n\n\n\n<div class=\"wp-block-media-text alignwide has-media-on-the-right is-stacked-on-mobile\"><figure class=\"wp-block-media-text__media\"><img loading=\"lazy\" width=\"1024\" height=\"724\" src=\"https:\/\/aprosap.com\/wp-content\/uploads\/2022\/06\/Vision-1024x724.png\" alt=\"\" class=\"wp-image-138 size-full\" srcset=\"https:\/\/aprosap.com\/wp-content\/uploads\/2022\/06\/Vision-1024x724.png 1024w, https:\/\/aprosap.com\/wp-content\/uploads\/2022\/06\/Vision-300x212.png 300w, https:\/\/aprosap.com\/wp-content\/uploads\/2022\/06\/Vision-768x543.png 768w, https:\/\/aprosap.com\/wp-content\/uploads\/2022\/06\/Vision-1536x1086.png 1536w, https:\/\/aprosap.com\/wp-content\/uploads\/2022\/06\/Vision-2048x1448.png 2048w\" sizes=\"(max-width: 1024px) 100vw, 1024px\" \/><\/figure><div class=\"wp-block-media-text__content\">\n<p class=\"has-large-font-size\"><strong><em>Visi\u00f3n: <\/em><\/strong><\/p>\n\n\n\n<p class=\"has-medium-font-size\"><em>Para el 2030 Aprosap SAS ser\u00e1 una empresa l\u00edder e innovadora en la recuperaci\u00f3n y aprovechamientos de excedentes industriales.<\/em><\/p>\n<\/div><\/div>\n\n\n\n<hr class=\"wp-block-separator has-alpha-channel-opacity is-style-wide\"\/>\n\n\n\n<div class=\"wp-block-media-text alignwide is-stacked-on-mobile\"><figure class=\"wp-block-media-text__media\"><img loading=\"lazy\" width=\"1024\" height=\"1024\" src=\"https:\/\/aprosap.com\/wp-content\/uploads\/2022\/06\/Ant-1024x1024.png\" alt=\"\" class=\"wp-image-151 size-full\" srcset=\"https:\/\/aprosap.com\/wp-content\/uploads\/2022\/06\/Ant.png 1024w, https:\/\/aprosap.com\/wp-content\/uploads\/2022\/06\/Ant-300x300.png 300w, https:\/\/aprosap.com\/wp-content\/uploads\/2022\/06\/Ant-150x150.png 150w, https:\/\/aprosap.com\/wp-content\/uploads\/2022\/06\/Ant-768x768.png 768w\" sizes=\"(max-width: 1024px) 100vw, 1024px\" \/><\/figure><div class=\"wp-block-media-text__content\">\n<p class=\"has-large-font-size\"><em><strong>Antecedentes:<\/strong> <\/em><\/p>\n\n\n\n<p class=\"has-medium-font-size\"><em>En la actualidad la preocupaci\u00f3n de las industrias a nivel mundial, en temas relacionados con el manejo de residuos industriales es una problem\u00e1tica y una de las mayores fuentes de contaminaci\u00f3n.\u00a0 Para la disposici\u00f3n final de los residuos, una de las t\u00e9cnicas m\u00e1s utilizadas es la incineraci\u00f3n que agrava la problem\u00e1tica ambiental, en este sentido la industria genera grandes cantidades de residuos que son incinerados. Su posible empleo en otros sectores productivos, impulsa el desarrollo de nuevas alternativas de aplicaci\u00f3n, \u00fanicamente para los subproductos que representan un bajo riesgo ambiental, y que, por sus caracter\u00edsticas f\u00edsicas y qu\u00edmicas, podr\u00edan representar una aplicaci\u00f3n para otro tipo de industrias.<\/em><\/p>\n<\/div><\/div>\n\n\n\n<hr class=\"wp-block-separator has-alpha-channel-opacity is-style-wide\"\/>\n\n\n\n<p class=\"has-text-align-center has-large-font-size\"><strong>Nuestros Valores Corporativos<\/strong><\/p>\n\n\n\n<div class=\"wp-container-3 wp-block-columns\">\n<div class=\"wp-container-1 wp-block-column\">\n<figure class=\"wp-block-pullquote\"><blockquote><p><strong><em>Honestidad: <\/em><\/strong><\/p><cite><em>Valoramos la confianza que se deposita en nosotros como personas y como empresa por eso seguimos rigurosas pol\u00edticas orientados al logro de resultados de un marco transparente y responsable.<\/em><\/cite><\/blockquote><\/figure>\n<\/div>\n\n\n\n<div class=\"wp-container-2 wp-block-column\"><div class=\"wp-block-image\">\n<figure class=\"aligncenter size-full is-resized\"><img loading=\"lazy\" src=\"https:\/\/aprosap.com\/wp-content\/uploads\/2022\/06\/Val.jpeg\" alt=\"\" class=\"wp-image-160\" width=\"381\" height=\"262\" srcset=\"https:\/\/aprosap.com\/wp-content\/uploads\/2022\/06\/Val.jpeg 400w, https:\/\/aprosap.com\/wp-content\/uploads\/2022\/06\/Val-300x206.jpeg 300w\" sizes=\"(max-width: 381px) 100vw, 381px\" \/><\/figure><\/div><\/div>\n<\/div>\n\n\n\n<div class=\"wp-container-6 wp-block-columns\">\n<div class=\"wp-container-4 wp-block-column\">\n<figure class=\"wp-block-pullquote\"><blockquote><p><strong><em>Responsabilidad:<\/em><\/strong><\/p><cite>Es un compromiso esencial con los dem\u00e1s y con nosotros mismos, nos esforzamos para trabajar con orden, corrigiendo los errores detectados y desarrollado las actividades que realizamos con la mejor diligencia, cumpliendo los par\u00e1metros establecidos, buscando hacerlo cada d\u00eda mejor y resolvemos de forma efectiva y oportuna las necesidades de nuestros clientes.<\/cite><\/blockquote><\/figure>\n<\/div>\n\n\n\n<div class=\"wp-container-5 wp-block-column\">\n<figure class=\"wp-block-pullquote\"><blockquote><p><strong><em>Compromiso: <\/em><\/strong><\/p><cite>Asumimos las labores con esfuerzo, empe\u00f1o y dedicaci\u00f3n, generando confianza y respaldo en nuestros clientes, buscando mejorar cada d\u00eda lo que hacemos y nuestra capacidad de vencer obst\u00e1culos y dificultades. Creemos en la importancia de la disciplina y la perseverancia por ello tomamos iniciativa en el desarrollo de acciones creativas para generar mejoras continuas en los procesos de la organizaci\u00f3n.<\/cite><\/blockquote><\/figure>\n<\/div>\n<\/div>\n\n\n\n<div class=\"wp-container-9 wp-block-columns\">\n<div class=\"wp-container-7 wp-block-column\">\n<figure class=\"wp-block-pullquote\"><blockquote><p><strong><em>Trabajo en Equipo:<\/em><\/strong><\/p><cite>El trabajo en equipo requiere de capacidad y compromiso por este motivo complementamos y compartimos las iniciativas, los conocimientos y la experiencia, para realizar las labores de la mejor forma, el mejor resultado es producto de que todos hagan lo mejor para s\u00ed mismos y para el grupo, desarrollando estrategias en conjunto; teniendo en cuenta las opiniones, sugerencias y aportes de los que participan en cada proceso.<\/cite><\/blockquote><\/figure>\n<\/div>\n\n\n\n<div class=\"wp-container-8 wp-block-column\">\n<figure class=\"wp-block-pullquote\"><blockquote><p><strong><em>Pol\u00edtica Ambiental: : <\/em><\/strong><\/p><cite>Nuestra compa\u00f1\u00eda es una empresa cuya actividad se centra en la recuperaci\u00f3n de excedentes industriales, la pol\u00edtica ambiental de APROSAP S.A.S se basa en el cumplimiento legal aplicable y en la mejora continua de las actividades relacionadas con la protecci\u00f3n al medio ambiente, fomentando de esta manera la econom\u00eda circular y la sostenibilidad en nuestras operaciones.<\/cite><\/blockquote><\/figure>\n<\/div>\n<\/div>\n","protected":false},"excerpt":{"rendered":"<p>Historia: APROSAP es una empresa colombiana fundada el 02 de abril de 1999, nace de una necesidad del sector industrial Pa\u00f1alera, y se enfoca en lograr un adecuado aprovechamiento de sus excedentes contribuyendo con el cuidado del medio ambiente, tras investigaciones a\u00f1o tras a\u00f1o hemos logrado encontrar la mejor manera de reutilizarlos y transformarlos en [&hellip;]<\/p>\n","protected":false},"author":1,"featured_media":0,"parent":0,"menu_order":0,"comment_status":"closed","ping_status":"closed","template":"","meta":[],"_links":{"self":[{"href":"https:\/\/aprosap.com\/index.php?rest_route=\/wp\/v2\/pages\/94"}],"collection":[{"href":"https:\/\/aprosap.com\/index.php?rest_route=\/wp\/v2\/pages"}],"about":[{"href":"https:\/\/aprosap.com\/index.php?rest_route=\/wp\/v2\/types\/page"}],"author":[{"embeddable":true,"href":"https:\/\/aprosap.com\/index.php?rest_route=\/wp\/v2\/users\/1"}],"replies":[{"embeddable":true,"href":"https:\/\/aprosap.com\/index.php?rest_route=%2Fwp%2Fv2%2Fcomments&post=94"}],"version-history":[{"count":18,"href":"https:\/\/aprosap.com\/index.php?rest_route=\/wp\/v2\/pages\/94\/revisions"}],"predecessor-version":[{"id":161,"href":"https:\/\/aprosap.com\/index.php?rest_route=\/wp\/v2\/pages\/94\/revisions\/161"}],"wp:attachment":[{"href":"https:\/\/aprosap.com\/index.php?rest_route=%2Fwp%2Fv2%2Fmedia&parent=94"}],"curies":[{"name":"wp","href":"https:\/\/api.w.org\/{rel}","templated":true}]}}